{"id":184,"date":"2020-04-22T17:47:54","date_gmt":"2020-04-22T15:47:54","guid":{"rendered":"http:\/\/www.pensionwalther.de\/Pension\/?page_id=184"},"modified":"2020-04-27T20:19:03","modified_gmt":"2020-04-27T18:19:03","slug":"die-pension-walther","status":"publish","type":"page","link":"https:\/\/www.pensionwalther.de\/Pension\/","title":{"rendered":"Die Pension Walther"},"content":{"rendered":"\n<p>Die Pension ist ein denkmalgesch\u00fctztes Geb\u00e4ude aus der Gr\u00fcnderzeit.<br>Sie war als &#8222;Feldschl\u00f6sschen Paunsdorf&#8220; registriert und bekannt. Im Inneren befand sich eine Gastst\u00e4tte mit Tanzsaal, viele G\u00e4ste wurden hier behebergt und verw\u00f6hnt.<\/p>\n\n\n\n<p>Nach Jahrzenten funktionierte das Denkmal nur noch als Wohn-Gesch\u00e4ftshaus.<br>Ab 1997 wurde es nicht mehr bewirtschaftet, es fiel in einen tiefen Schlaf. Ihm drohte der Zerfall.<\/p>\n\n\n\n<p>Im Jahr 1999 kaufte Familie Walther die Immobilie, liebevoll wurde das gesch\u00fctzte Geb\u00e4ude rekonstruiert und saniert.<br>Nach der Fertigstellung 2000 diente es als Wohnhaus f\u00fcr die Familie.<br>Im Juni 2012 fand nochmals eine komplette Erneuerung aller Zimmer statt.<\/p>\n\n\n\n<p>Seit Oktober 2012,\u00a0 stellt sich das Denkmal wieder der \u00d6ffentlichkeit zur Verf\u00fcgung!<br>Es wird als Pension neu er\u00f6ffnet und erh\u00e4lt nunmehr seine alte Funktion wieder.<br>Durch die stilvolle Einrichtung der Zimmer sprechen die Inhaber alle Beherbergungsgruppen wie zB. Monteure, Familien, Touristen, Gesch\u00e4ftsleute usw. an .<\/p>\n\n\n\n<p><\/p>\n\n\n\n<p><\/p>\n","protected":false},"excerpt":{"rendered":"<p>Die Pension ist ein denkmalgesch\u00fctztes Geb\u00e4ude aus der Gr\u00fcnderzeit.Sie war als &#8222;Feldschl\u00f6sschen Paunsdorf&#8220; registriert und bekannt. Im Inneren befand sich eine Gastst\u00e4tte mit Tanzsaal, viele G\u00e4ste wurden hier behebergt und verw\u00f6hnt. Nach Jahrzenten funktionierte das Denkmal nur noch als Wohn-Gesch\u00e4ftshaus.Ab 1997 wurde es nicht mehr bewirtschaftet, es fiel in einen tiefen Schlaf. Ihm drohte der &hellip; <\/p>\n<p class=\"link-more\"><a href=\"https:\/\/www.pensionwalther.de\/Pension\/\" class=\"more-link\"><span class=\"screen-reader-text\">\u201eDie Pension Walther\u201c<\/span> weiterlesen<\/a><\/p>\n","protected":false},"author":1,"featured_media":0,"parent":0,"menu_order":0,"comment_status":"closed","ping_status":"closed","template":"","meta":{"footnotes":""},"class_list":["post-184","page","type-page","status-publish","hentry"],"_links":{"self":[{"href":"https:\/\/www.pensionwalther.de\/Pension\/index.php?rest_route=\/wp\/v2\/pages\/184","targetHints":{"allow":["GET"]}}],"collection":[{"href":"https:\/\/www.pensionwalther.de\/Pension\/index.php?rest_route=\/wp\/v2\/pages"}],"about":[{"href":"https:\/\/www.pensionwalther.de\/Pension\/index.php?rest_route=\/wp\/v2\/types\/page"}],"author":[{"embeddable":true,"href":"https:\/\/www.pensionwalther.de\/Pension\/index.php?rest_route=\/wp\/v2\/users\/1"}],"replies":[{"embeddable":true,"href":"https:\/\/www.pensionwalther.de\/Pension\/index.php?rest_route=%2Fwp%2Fv2%2Fcomments&post=184"}],"version-history":[{"count":4,"href":"https:\/\/www.pensionwalther.de\/Pension\/index.php?rest_route=\/wp\/v2\/pages\/184\/revisions"}],"predecessor-version":[{"id":269,"href":"https:\/\/www.pensionwalther.de\/Pension\/index.php?rest_route=\/wp\/v2\/pages\/184\/revisions\/269"}],"wp:attachment":[{"href":"https:\/\/www.pensionwalther.de\/Pension\/index.php?rest_route=%2Fwp%2Fv2%2Fmedia&parent=184"}],"curies":[{"name":"wp","href":"https:\/\/api.w.org\/{rel}","templated":true}]}}